{"id":81,"date":"2025-10-29T18:19:10","date_gmt":"2025-10-29T18:19:10","guid":{"rendered":"https:\/\/sgerhverv.dk\/?page_id=81"},"modified":"2026-03-14T13:03:35","modified_gmt":"2026-03-14T13:03:35","slug":"erhverv-lejemaal","status":"publish","type":"page","link":"https:\/\/sgerhverv.dk\/","title":{"rendered":"Erhvervsudlejning"},"content":{"rendered":"\t\t<div data-elementor-type=\"wp-page\" data-elementor-id=\"81\" class=\"elementor elementor-81\">\n\t\t\t\t<div class=\"elementor-element elementor-element-25ffa82 e-grid e-con-boxed e-con e-parent\" data-id=\"25ffa82\" data-element_type=\"container\" data-e-type=\"container\">\n\t\t\t\t\t<div class=\"e-con-inner\">\n\t\t\t\t<div class=\"elementor-element elementor-element-eb7bbc3 elementor-widget elementor-widget-image\" data-id=\"eb7bbc3\" data-element_type=\"widget\" data-e-type=\"widget\" data-widget_type=\"image.default\">\n\t\t\t\t\t\t\t\t\t\t\t\t\t\t\t<img fetchpriority=\"high\" decoding=\"async\" width=\"800\" height=\"514\" src=\"https:\/\/sgerhverv.dk\/wp-content\/uploads\/2026\/03\/Jorloesevej.png\" class=\"attachment-large size-large wp-image-172\" alt=\"\" srcset=\"https:\/\/sgerhverv.dk\/wp-content\/uploads\/2026\/03\/Jorloesevej.png 821w, https:\/\/sgerhverv.dk\/wp-content\/uploads\/2026\/03\/Jorloesevej-300x193.png 300w, https:\/\/sgerhverv.dk\/wp-content\/uploads\/2026\/03\/Jorloesevej-768x494.png 768w\" sizes=\"(max-width: 800px) 100vw, 800px\" \/>\t\t\t\t\t\t\t\t\t\t\t\t\t\t\t<\/div>\n\t\t\t\t<div class=\"elementor-element elementor-element-5eb33d6 elementor-widget elementor-widget-text-editor\" data-id=\"5eb33d6\" data-element_type=\"widget\" data-e-type=\"widget\" data-widget_type=\"text-editor.default\">\n\t\t\t\t\t\t\t\t\t<h2><strong>Jorl\u00f8sevej 12, 4470 Sveb\u00f8lle<\/strong><\/h2>\n<h6><strong>Udlejes til erhverv\/h\u00e5ndv\u00e6rkerhotel\/opbevaring, samlet eller opdelt.<\/strong><\/h6>\n<p>Stuehuset ligger 15 min k\u00f8rsel fra Kalundborg.<\/p>\n<p>Fakta om huset:<\/p>\n<ul>\n<li>189 kvm,<\/li>\n<li>9 sovev\u00e6relser med 14 senge,<\/li>\n<li>3 badev\u00e6relser, spisek\u00f8kken og stor dagligstue.<\/li>\n<li>Indlagt Fiber internet<\/li>\n<li>Opvarmes med pillefyr.<\/li>\n<\/ul>\n<p>Huset er velholdt og fremst\u00e5r p\u00e6nt. Der medf\u00f8lger en have samt g\u00e5rdsplads hvor der kan opstilles 1-2 ydereliger toiletvogne.<\/p>\n<p>Stuehuset udlejes som en enhed. Husleje ex forbrug: 25.000 kr.\/m\u00e5ned<\/p>\t\t\t\t\t\t\t\t<\/div>\n\t\t\t\t\t<\/div>\n\t\t\t\t<\/div>\n\t\t<div class=\"elementor-element elementor-element-041900e e-grid e-con-boxed e-con e-parent\" data-id=\"041900e\" data-element_type=\"container\" data-e-type=\"container\">\n\t\t\t\t\t<div class=\"e-con-inner\">\n\t\t\t\t<div class=\"elementor-element elementor-element-22f3572 elementor-widget elementor-widget-image\" data-id=\"22f3572\" data-element_type=\"widget\" data-e-type=\"widget\" data-widget_type=\"image.default\">\n\t\t\t\t\t\t\t\t\t\t\t\t\t\t\t<img decoding=\"async\" width=\"516\" height=\"352\" src=\"https:\/\/sgerhverv.dk\/wp-content\/uploads\/2026\/03\/Jorloesevej_12-Lade-1-450-m2.jpg\" class=\"attachment-large size-large wp-image-180\" alt=\"\" srcset=\"https:\/\/sgerhverv.dk\/wp-content\/uploads\/2026\/03\/Jorloesevej_12-Lade-1-450-m2.jpg 516w, https:\/\/sgerhverv.dk\/wp-content\/uploads\/2026\/03\/Jorloesevej_12-Lade-1-450-m2-300x205.jpg 300w\" sizes=\"(max-width: 516px) 100vw, 516px\" \/>\t\t\t\t\t\t\t\t\t\t\t\t\t\t\t<\/div>\n\t\t\t\t<div class=\"elementor-element elementor-element-a234f3d elementor-widget elementor-widget-text-editor\" data-id=\"a234f3d\" data-element_type=\"widget\" data-e-type=\"widget\" data-widget_type=\"text-editor.default\">\n\t\t\t\t\t\t\t\t\t<p class=\"has-large-font-size\"><strong>Stor St\u00e5lhal (Hal 1)<\/strong><\/p>\n<p class=\"has-medium-font-size\"><strong>Jorl\u00f8sevej 12, 4470 Sveb\u00f8lle<\/strong><\/p>\n<p>Kold st\u00e5lhal p\u00e5 450 m2, Port: 4,00 m h\u00f8j. Der er adgang og gode tilk\u00f8rselsforhold ogs\u00e5 med st\u00f8rre lastbiler.<\/p>\n<p>Pris: 6.500 kr. pr. m\u00e5ned<\/p>\n<p>+ forbrug og moms<\/p>\t\t\t\t\t\t\t\t<\/div>\n\t\t\t\t\t<\/div>\n\t\t\t\t<\/div>\n\t\t<div class=\"elementor-element elementor-element-bc0508f e-grid e-con-boxed e-con e-parent\" data-id=\"bc0508f\" data-element_type=\"container\" data-e-type=\"container\">\n\t\t\t\t\t<div class=\"e-con-inner\">\n\t\t\t\t<div class=\"elementor-element elementor-element-89b4832 elementor-widget elementor-widget-image\" data-id=\"89b4832\" data-element_type=\"widget\" data-e-type=\"widget\" data-widget_type=\"image.default\">\n\t\t\t\t\t\t\t\t\t\t\t\t\t\t\t<img decoding=\"async\" width=\"526\" height=\"339\" src=\"https:\/\/sgerhverv.dk\/wp-content\/uploads\/2026\/03\/Jorloesevej_12-Lade-2-290-m2.jpg\" class=\"attachment-large size-large wp-image-179\" alt=\"\" srcset=\"https:\/\/sgerhverv.dk\/wp-content\/uploads\/2026\/03\/Jorloesevej_12-Lade-2-290-m2.jpg 526w, https:\/\/sgerhverv.dk\/wp-content\/uploads\/2026\/03\/Jorloesevej_12-Lade-2-290-m2-300x193.jpg 300w\" sizes=\"(max-width: 526px) 100vw, 526px\" \/>\t\t\t\t\t\t\t\t\t\t\t\t\t\t\t<\/div>\n\t\t\t\t<div class=\"elementor-element elementor-element-acad4cc elementor-widget elementor-widget-text-editor\" data-id=\"acad4cc\" data-element_type=\"widget\" data-e-type=\"widget\" data-widget_type=\"text-editor.default\">\n\t\t\t\t\t\t\t\t\t<p class=\"has-large-font-size\"><strong>Stor St\u00e5lhal (Hal 2)<\/strong><\/p>\n<p class=\"has-medium-font-size\"><strong>Jorl\u00f8sevej 12, 4470 Sveb\u00f8lle<\/strong><\/p>\n<p>Kold st\u00e5lhal p\u00e5 290 m2, Port: 4,00 m h\u00f8j. Der er adgang og gode tilk\u00f8rselsforhold ogs\u00e5 med st\u00f8rre lastbiler.<\/p>\n<p>Pris: 5.000 kr. pr. m\u00e5ned<\/p>\n<p>+ forbrug og moms<\/p>\t\t\t\t\t\t\t\t<\/div>\n\t\t\t\t\t<\/div>\n\t\t\t\t<\/div>\n\t\t<div class=\"elementor-element elementor-element-49180128 e-flex e-con-boxed e-con e-parent\" data-id=\"49180128\" data-element_type=\"container\" data-e-type=\"container\">\n\t\t\t\t\t<div class=\"e-con-inner\">\n\t\t\t\t<div class=\"elementor-element elementor-element-695fcab3 elementor-widget elementor-widget-text-editor\" data-id=\"695fcab3\" data-element_type=\"widget\" data-e-type=\"widget\" data-widget_type=\"text-editor.default\">\n\t\t\t\t\t\t\t\t\t\n<div class=\"wp-block-media-text is-stacked-on-mobile\">\n<figure class=\"wp-block-media-text__media\"><img loading=\"lazy\" decoding=\"async\" width=\"1024\" height=\"683\" class=\"wp-image-121 size-full\" src=\"https:\/\/sgerhverv.dk\/wp-content\/uploads\/2025\/11\/Unavngiven_20-v2-1024x683.jpg\" alt=\"\" srcset=\"https:\/\/sgerhverv.dk\/wp-content\/uploads\/2025\/11\/Unavngiven_20-v2-1024x683.jpg 1024w, https:\/\/sgerhverv.dk\/wp-content\/uploads\/2025\/11\/Unavngiven_20-v2-300x200.jpg 300w, https:\/\/sgerhverv.dk\/wp-content\/uploads\/2025\/11\/Unavngiven_20-v2-768x512.jpg 768w, https:\/\/sgerhverv.dk\/wp-content\/uploads\/2025\/11\/Unavngiven_20-v2-1536x1024.jpg 1536w, https:\/\/sgerhverv.dk\/wp-content\/uploads\/2025\/11\/Unavngiven_20-v2-2048x1365.jpg 2048w\" sizes=\"(max-width: 1024px) 100vw, 1024px\" \/><\/figure>\n<div class=\"wp-block-media-text__content\">\n<p class=\"has-large-font-size\"><strong>Domicil\/Kontor<\/strong><\/p>\n\n<p class=\"has-medium-font-size\"><strong>Fulbyvej 4a, 4180 Sor\u00f8<\/strong><\/p>\n\n<p>Domicil med tilh\u00f8rende v\u00e6rksted og flot reception\/indgangsparti, 15 to-mandskontorer, m\u00f8derum, arkiv, k\u00f8kken\/kantine og toiletter mv.<\/p>\n\n<p>Kontor: 445 m2 (900 kr. \u00e5rlig\/m2)<\/p>\n\n<p>V\u00e6rksted: 125 m2 (600 kr. \u00e5rlig\/m2)<\/p>\n\n<p>Pris: 39.625 kr. m\u00e5nedlig leje + forbrug og moms<\/p>\n\n<p><a href=\"https:\/\/sgerhverv.dk\/wp-content\/uploads\/2025\/11\/Prospekt-Fulbyvej-4a.pdf\" target=\"_blank\" rel=\"noreferrer noopener\">Prospekt<\/a> &#8211; <a href=\"https:\/\/sgerhverv.dk\/wp-content\/uploads\/2025\/11\/Plantegning-27-10-25.jpg\" target=\"_blank\" rel=\"noreferrer noopener\">Plantegning<\/a> &#8211; <a href=\"https:\/\/sgerhverv.dk\/wp-content\/uploads\/2025\/11\/Drone_SG_Erhverv_Fulbyvej_4A_4180_Soroe.mp4\" target=\"_blank\" rel=\"noreferrer noopener\">Video<\/a><\/p>\n<\/div>\n<\/div>\n<hr class=\"wp-block-separator has-alpha-channel-opacity\" \/>\n<div class=\"wp-block-media-text is-stacked-on-mobile\">\n<figure class=\"wp-block-media-text__media\"><img loading=\"lazy\" decoding=\"async\" width=\"1024\" height=\"682\" class=\"wp-image-60 size-full\" src=\"https:\/\/sgerhverv.dk\/wp-content\/uploads\/2025\/10\/Billede1-1024x682.jpg\" alt=\"\" srcset=\"https:\/\/sgerhverv.dk\/wp-content\/uploads\/2025\/10\/Billede1-1024x682.jpg 1024w, https:\/\/sgerhverv.dk\/wp-content\/uploads\/2025\/10\/Billede1-300x200.jpg 300w, https:\/\/sgerhverv.dk\/wp-content\/uploads\/2025\/10\/Billede1-768x512.jpg 768w, https:\/\/sgerhverv.dk\/wp-content\/uploads\/2025\/10\/Billede1.jpg 1061w\" sizes=\"(max-width: 1024px) 100vw, 1024px\" \/><\/figure>\n<div class=\"wp-block-media-text__content\">\n<p class=\"has-large-font-size\"><strong>Opvarmet lager<\/strong><\/p>\n\n<p class=\"has-medium-font-size\"><strong>Astrupvej 13, 4450 Jyderup<\/strong><\/p>\n\n<p>Opvarmede lagerlokaler p\u00e5 80 m2 hver og med en rulleport p\u00e5 3 x 2,5 m. Gode tilk\u00f8rselsforhold. Rummene er aflukkede uden adgang til hinanden.<\/p>\n\n<p>Pris: 3.500 kr. pr. m\u00e5ned (ved kvartalsbetaling)<\/p>\n\n<p>Pris: 3.000 kr. pr. m\u00e5ned (ved \u00e5rlig betaling)<\/p>\n\n<p>+ forbrug (varme er inkl. i lejen) og moms<\/p>\n\n<p><a href=\"https:\/\/sgerhverv.dk\/?page_id=6\" data-type=\"page\" data-id=\"6\">Se mere<\/a><\/p>\n<\/div>\n<\/div>\n<hr class=\"wp-block-separator has-alpha-channel-opacity\" \/>\n<div class=\"wp-block-media-text is-stacked-on-mobile\">\n<figure class=\"wp-block-media-text__media\"><img loading=\"lazy\" decoding=\"async\" width=\"720\" height=\"540\" class=\"wp-image-62 size-full\" src=\"https:\/\/sgerhverv.dk\/wp-content\/uploads\/2025\/10\/Billede1-1.jpg\" alt=\"\" srcset=\"https:\/\/sgerhverv.dk\/wp-content\/uploads\/2025\/10\/Billede1-1.jpg 720w, https:\/\/sgerhverv.dk\/wp-content\/uploads\/2025\/10\/Billede1-1-300x225.jpg 300w\" sizes=\"(max-width: 720px) 100vw, 720px\" \/><\/figure>\n<div class=\"wp-block-media-text__content\">\n<p class=\"has-large-font-size\"><strong>St\u00e5lhal, st\u00f8bt gulv<\/strong><\/p>\n\n<p class=\"has-medium-font-size\"><strong>T\u00f8mmerupvej 40, 4440 M\u00f8rk\u00f8v<\/strong><\/p>\n\n<p>Kold st\u00e5lhal p\u00e5 103 m2, Port: 3,80 m bred og 3,40 m h\u00f8j. Der er adgang og gode tilk\u00f8rselsforhold ogs\u00e5 med st\u00f8rre lastbiler.<\/p>\n\n<p>Pris: 4.500 kr. pr. m\u00e5ned<\/p>\n\n<p>+ forbrug og moms<\/p>\n<\/div>\n<\/div>\n<hr class=\"wp-block-separator has-alpha-channel-opacity\" \/>\n<div class=\"wp-block-media-text is-stacked-on-mobile\">\n<figure class=\"wp-block-media-text__media\"><img loading=\"lazy\" decoding=\"async\" width=\"1024\" height=\"768\" class=\"wp-image-87 size-full\" src=\"https:\/\/sgerhverv.dk\/wp-content\/uploads\/2025\/10\/Billede1-2-1024x768.jpg\" alt=\"\" srcset=\"https:\/\/sgerhverv.dk\/wp-content\/uploads\/2025\/10\/Billede1-2-1024x768.jpg 1024w, https:\/\/sgerhverv.dk\/wp-content\/uploads\/2025\/10\/Billede1-2-300x225.jpg 300w, https:\/\/sgerhverv.dk\/wp-content\/uploads\/2025\/10\/Billede1-2-768x576.jpg 768w, https:\/\/sgerhverv.dk\/wp-content\/uploads\/2025\/10\/Billede1-2.jpg 1046w\" sizes=\"(max-width: 1024px) 100vw, 1024px\" \/><\/figure>\n<div class=\"wp-block-media-text__content\">\n<p class=\"has-large-font-size\"><strong>Lager med v\u00e6rksted<\/strong><\/p>\n\n<p class=\"has-medium-font-size\"><strong>M\u00f8rk\u00f8vvej 7a, 4340 T\u00f8ll\u00f8se<\/strong><\/p>\n\n<p>44 m2 isoleret v\u00e6rksted og 182 m2 kold hal med st\u00f8bt gulv og god loftsh\u00f8jde. Port: 3,20 m bred og 3,00 m h\u00f8j.<\/p>\n\n<p>Pris: 2.750 kr. pr. m\u00e5ned<\/p>\n\n<p>+ forbrug og moms<\/p>\n<\/div>\n<\/div>\n<hr class=\"wp-block-separator has-alpha-channel-opacity\" \/>\n<div class=\"wp-block-media-text is-stacked-on-mobile\">\n<figure class=\"wp-block-media-text__media\"><img loading=\"lazy\" decoding=\"async\" width=\"1024\" height=\"768\" class=\"wp-image-89 size-full\" src=\"https:\/\/sgerhverv.dk\/wp-content\/uploads\/2025\/10\/IMG_04281-1024x768.jpeg\" alt=\"\" srcset=\"https:\/\/sgerhverv.dk\/wp-content\/uploads\/2025\/10\/IMG_04281-1024x768.jpeg 1024w, https:\/\/sgerhverv.dk\/wp-content\/uploads\/2025\/10\/IMG_04281-300x225.jpeg 300w, https:\/\/sgerhverv.dk\/wp-content\/uploads\/2025\/10\/IMG_04281-768x576.jpeg 768w, https:\/\/sgerhverv.dk\/wp-content\/uploads\/2025\/10\/IMG_04281-1536x1152.jpeg 1536w, https:\/\/sgerhverv.dk\/wp-content\/uploads\/2025\/10\/IMG_04281-2048x1536.jpeg 2048w\" sizes=\"(max-width: 1024px) 100vw, 1024px\" \/><\/figure>\n<div class=\"wp-block-media-text__content\">\n<p class=\"has-large-font-size\"><strong>Lager \/ v\u00e6rksted <\/strong><\/p>\n\n<p class=\"has-medium-font-size\"><strong>Haverupvej 39, 4180 Sor\u00f8<\/strong><\/p>\n\n<p>190 m2 let opvarmet lager eller v\u00e6rksted, har tidligere v\u00e6ret brugt som snedkerv\u00e6rksted i mange \u00e5r. Gode tilk\u00f8rselsforhold og ligger t\u00e6t p\u00e5 Sor\u00f8 by.<\/p>\n\n<p>Pris: 5.000 kr. pr. m\u00e5ned<\/p>\n\n<p>+ forbrug og moms<\/p>\n<\/div>\n<\/div>\n<hr class=\"wp-block-separator has-alpha-channel-opacity\" \/>\n<div class=\"wp-block-media-text is-stacked-on-mobile\">\n<figure class=\"wp-block-media-text__media\"><img loading=\"lazy\" decoding=\"async\" width=\"608\" height=\"298\" class=\"wp-image-94 size-full\" src=\"https:\/\/sgerhverv.dk\/wp-content\/uploads\/2025\/10\/Billede3.jpg\" alt=\"\" srcset=\"https:\/\/sgerhverv.dk\/wp-content\/uploads\/2025\/10\/Billede3.jpg 608w, https:\/\/sgerhverv.dk\/wp-content\/uploads\/2025\/10\/Billede3-300x147.jpg 300w\" sizes=\"(max-width: 608px) 100vw, 608px\" \/><\/figure>\n<div class=\"wp-block-media-text__content\">\n<p class=\"has-large-font-size\"><strong>Opvarmet lager<\/strong><\/p>\n\n<p class=\"has-medium-font-size\"><strong>Astrupvej 13, 4450 Jyderup<\/strong><\/p>\n\n<p>To selvst\u00e6ndige opvarmede lagerlokaler p\u00e5 hver 250 m2 med en rulleport p\u00e5 3 x 2,5 m. Gode tilk\u00f8rselsforhold. Rummene er aflukkede.<\/p>\n\n<p>Pris: 10.000 kr. pr. m\u00e5ned (ved kvartalsbetaling)<\/p>\n\n<p>Pris: 9.000 kr. pr. m\u00e5ned (ved \u00e5rlig betaling)<\/p>\n\n<p>+ forbrug (varme er inkl. i lejen) og moms<\/p>\n<\/div>\n<\/div>\n<hr class=\"wp-block-separator has-alpha-channel-opacity\" \/>\t\t\t\t\t\t\t\t<\/div>\n\t\t\t\t\t<\/div>\n\t\t\t\t<\/div>\n\t\t<div class=\"elementor-element elementor-element-487fa2a e-grid e-con-boxed e-con e-parent\" data-id=\"487fa2a\" data-element_type=\"container\" data-e-type=\"container\">\n\t\t\t\t\t<div class=\"e-con-inner\">\n\t\t\t\t\t<\/div>\n\t\t\t\t<\/div>\n\t\t\t\t<\/div>\n\t\t","protected":false},"excerpt":{"rendered":"<p>Jorl\u00f8sevej 12, 4470 Sveb\u00f8lle Udlejes til erhverv\/h\u00e5ndv\u00e6rkerhotel\/opbevaring, samlet eller opdelt. Stuehuset ligger 15 min k\u00f8rsel fra Kalundborg. Fakta om huset: 189 kvm, 9 sovev\u00e6relser med 14 senge, 3 badev\u00e6relser, spisek\u00f8kken og stor dagligstue. Indlagt Fiber internet Opvarmes med pillefyr. Huset er velholdt og fremst\u00e5r p\u00e6nt. Der medf\u00f8lger en have samt g\u00e5rdsplads hvor der kan opstilles [&hellip;]<\/p>\n","protected":false},"author":2,"featured_media":0,"parent":0,"menu_order":0,"comment_status":"closed","ping_status":"closed","template":"","meta":{"footnotes":""},"class_list":["post-81","page","type-page","status-publish","hentry"],"_links":{"self":[{"href":"https:\/\/sgerhverv.dk\/index.php?rest_route=\/wp\/v2\/pages\/81","targetHints":{"allow":["GET"]}}],"collection":[{"href":"https:\/\/sgerhverv.dk\/index.php?rest_route=\/wp\/v2\/pages"}],"about":[{"href":"https:\/\/sgerhverv.dk\/index.php?rest_route=\/wp\/v2\/types\/page"}],"author":[{"embeddable":true,"href":"https:\/\/sgerhverv.dk\/index.php?rest_route=\/wp\/v2\/users\/2"}],"replies":[{"embeddable":true,"href":"https:\/\/sgerhverv.dk\/index.php?rest_route=%2Fwp%2Fv2%2Fcomments&post=81"}],"version-history":[{"count":44,"href":"https:\/\/sgerhverv.dk\/index.php?rest_route=\/wp\/v2\/pages\/81\/revisions"}],"predecessor-version":[{"id":192,"href":"https:\/\/sgerhverv.dk\/index.php?rest_route=\/wp\/v2\/pages\/81\/revisions\/192"}],"wp:attachment":[{"href":"https:\/\/sgerhverv.dk\/index.php?rest_route=%2Fwp%2Fv2%2Fmedia&parent=81"}],"curies":[{"name":"wp","href":"https:\/\/api.w.org\/{rel}","templated":true}]}}